{"id":17,"date":"2023-08-26T21:17:19","date_gmt":"2023-08-26T19:17:19","guid":{"rendered":"https:\/\/pardalky.zelvizoopark.cz\/?page_id=17"},"modified":"2023-08-26T21:17:19","modified_gmt":"2023-08-26T19:17:19","slug":"3-2","status":"publish","type":"page","link":"https:\/\/www.zelvizoopark.cz\/?page_id=17","title":{"rendered":"03. \u0160t\u00edstko (pan\/pan\u00ed?)"},"content":{"rendered":"\n<figure class=\"wp-block-image size-large\"><img decoding=\"async\" src=\"https:\/\/pardalky.zelvizoopark.cz\/wp-content\/uploads\/2023\/08\/20230820_182025-1024x576.jpg\" alt=\"\" class=\"wp-image-18\"\/><\/figure>\n","protected":false},"excerpt":{"rendered":"","protected":false},"author":2,"featured_media":0,"parent":0,"menu_order":0,"comment_status":"closed","ping_status":"closed","template":"","meta":{"footnotes":""},"class_list":["post-17","page","type-page","status-publish","hentry","post-preview"],"yoast_head":"<!-- This site is optimized with the Yoast SEO plugin v22.3 - https:\/\/yoast.com\/wordpress\/plugins\/seo\/ -->\n<title>03. \u0160t\u00edstko (pan\/pan\u00ed?) - zelvizoopark.cz<\/title>\n<meta name=\"robots\" content=\"index, follow, max-snippet:-1, max-image-preview:large, max-video-preview:-1\" \/>\n<link rel=\"canonical\" href=\"https:\/\/www.zelvizoopark.cz\/?page_id=17\" \/>\n<meta property=\"og:locale\" content=\"cs_CZ\" \/>\n<meta property=\"og:type\" content=\"article\" \/>\n<meta property=\"og:title\" content=\"03. \u0160t\u00edstko (pan\/pan\u00ed?) - zelvizoopark.cz\" \/>\n<meta property=\"og:url\" content=\"https:\/\/www.zelvizoopark.cz\/?page_id=17\" \/>\n<meta property=\"og:site_name\" content=\"zelvizoopark.cz\" \/>\n<meta property=\"og:image\" content=\"https:\/\/pardalky.zelvizoopark.cz\/wp-content\/uploads\/2023\/08\/20230820_182025-1024x576.jpg\" \/>\n<meta name=\"twitter:card\" content=\"summary_large_image\" \/>\n<meta name=\"twitter:label1\" content=\"Odhadovan\u00e1 doba \u010dten\u00ed\" \/>\n\t<meta name=\"twitter:data1\" content=\"1 minuta\" \/>\n<script type=\"application\/ld+json\" class=\"yoast-schema-graph\">{\"@context\":\"https:\/\/schema.org\",\"@graph\":[{\"@type\":\"WebPage\",\"@id\":\"https:\/\/www.zelvizoopark.cz\/?page_id=17\",\"url\":\"https:\/\/www.zelvizoopark.cz\/?page_id=17\",\"name\":\"03. \u0160t\u00edstko (pan\/pan\u00ed?) - zelvizoopark.cz\",\"isPartOf\":{\"@id\":\"https:\/\/www.zelvizoopark.cz\/#website\"},\"primaryImageOfPage\":{\"@id\":\"https:\/\/www.zelvizoopark.cz\/?page_id=17#primaryimage\"},\"image\":{\"@id\":\"https:\/\/www.zelvizoopark.cz\/?page_id=17#primaryimage\"},\"thumbnailUrl\":\"https:\/\/pardalky.zelvizoopark.cz\/wp-content\/uploads\/2023\/08\/20230820_182025-1024x576.jpg\",\"datePublished\":\"2023-08-26T19:17:19+00:00\",\"dateModified\":\"2023-08-26T19:17:19+00:00\",\"breadcrumb\":{\"@id\":\"https:\/\/www.zelvizoopark.cz\/?page_id=17#breadcrumb\"},\"inLanguage\":\"cs\",\"potentialAction\":[{\"@type\":\"ReadAction\",\"target\":[\"https:\/\/www.zelvizoopark.cz\/?page_id=17\"]}]},{\"@type\":\"ImageObject\",\"inLanguage\":\"cs\",\"@id\":\"https:\/\/www.zelvizoopark.cz\/?page_id=17#primaryimage\",\"url\":\"https:\/\/pardalky.zelvizoopark.cz\/wp-content\/uploads\/2023\/08\/20230820_182025-1024x576.jpg\",\"contentUrl\":\"https:\/\/pardalky.zelvizoopark.cz\/wp-content\/uploads\/2023\/08\/20230820_182025-1024x576.jpg\"},{\"@type\":\"BreadcrumbList\",\"@id\":\"https:\/\/www.zelvizoopark.cz\/?page_id=17#breadcrumb\",\"itemListElement\":[{\"@type\":\"ListItem\",\"position\":1,\"name\":\"Dom\u016f\",\"item\":\"https:\/\/www.zelvizoopark.cz\/\"},{\"@type\":\"ListItem\",\"position\":2,\"name\":\"03. \u0160t\u00edstko (pan\/pan\u00ed?)\"}]},{\"@type\":\"WebSite\",\"@id\":\"https:\/\/www.zelvizoopark.cz\/#website\",\"url\":\"https:\/\/www.zelvizoopark.cz\/\",\"name\":\"zelvizoopark.cz\",\"description\":\"\",\"potentialAction\":[{\"@type\":\"SearchAction\",\"target\":{\"@type\":\"EntryPoint\",\"urlTemplate\":\"https:\/\/www.zelvizoopark.cz\/?s={search_term_string}\"},\"query-input\":\"required name=search_term_string\"}],\"inLanguage\":\"cs\"}]}<\/script>\n<!-- \/ Yoast SEO plugin. -->","yoast_head_json":{"title":"03. \u0160t\u00edstko (pan\/pan\u00ed?) - zelvizoopark.cz","robots":{"index":"index","follow":"follow","max-snippet":"max-snippet:-1","max-image-preview":"max-image-preview:large","max-video-preview":"max-video-preview:-1"},"canonical":"https:\/\/www.zelvizoopark.cz\/?page_id=17","og_locale":"cs_CZ","og_type":"article","og_title":"03. \u0160t\u00edstko (pan\/pan\u00ed?) - zelvizoopark.cz","og_url":"https:\/\/www.zelvizoopark.cz\/?page_id=17","og_site_name":"zelvizoopark.cz","og_image":[{"url":"https:\/\/pardalky.zelvizoopark.cz\/wp-content\/uploads\/2023\/08\/20230820_182025-1024x576.jpg"}],"twitter_card":"summary_large_image","twitter_misc":{"Odhadovan\u00e1 doba \u010dten\u00ed":"1 minuta"},"schema":{"@context":"https:\/\/schema.org","@graph":[{"@type":"WebPage","@id":"https:\/\/www.zelvizoopark.cz\/?page_id=17","url":"https:\/\/www.zelvizoopark.cz\/?page_id=17","name":"03. \u0160t\u00edstko (pan\/pan\u00ed?) - zelvizoopark.cz","isPartOf":{"@id":"https:\/\/www.zelvizoopark.cz\/#website"},"primaryImageOfPage":{"@id":"https:\/\/www.zelvizoopark.cz\/?page_id=17#primaryimage"},"image":{"@id":"https:\/\/www.zelvizoopark.cz\/?page_id=17#primaryimage"},"thumbnailUrl":"https:\/\/pardalky.zelvizoopark.cz\/wp-content\/uploads\/2023\/08\/20230820_182025-1024x576.jpg","datePublished":"2023-08-26T19:17:19+00:00","dateModified":"2023-08-26T19:17:19+00:00","breadcrumb":{"@id":"https:\/\/www.zelvizoopark.cz\/?page_id=17#breadcrumb"},"inLanguage":"cs","potentialAction":[{"@type":"ReadAction","target":["https:\/\/www.zelvizoopark.cz\/?page_id=17"]}]},{"@type":"ImageObject","inLanguage":"cs","@id":"https:\/\/www.zelvizoopark.cz\/?page_id=17#primaryimage","url":"https:\/\/pardalky.zelvizoopark.cz\/wp-content\/uploads\/2023\/08\/20230820_182025-1024x576.jpg","contentUrl":"https:\/\/pardalky.zelvizoopark.cz\/wp-content\/uploads\/2023\/08\/20230820_182025-1024x576.jpg"},{"@type":"BreadcrumbList","@id":"https:\/\/www.zelvizoopark.cz\/?page_id=17#breadcrumb","itemListElement":[{"@type":"ListItem","position":1,"name":"Dom\u016f","item":"https:\/\/www.zelvizoopark.cz\/"},{"@type":"ListItem","position":2,"name":"03. \u0160t\u00edstko (pan\/pan\u00ed?)"}]},{"@type":"WebSite","@id":"https:\/\/www.zelvizoopark.cz\/#website","url":"https:\/\/www.zelvizoopark.cz\/","name":"zelvizoopark.cz","description":"","potentialAction":[{"@type":"SearchAction","target":{"@type":"EntryPoint","urlTemplate":"https:\/\/www.zelvizoopark.cz\/?s={search_term_string}"},"query-input":"required name=search_term_string"}],"inLanguage":"cs"}]}},"_links":{"self":[{"href":"https:\/\/www.zelvizoopark.cz\/index.php?rest_route=\/wp\/v2\/pages\/17","targetHints":{"allow":["GET"]}}],"collection":[{"href":"https:\/\/www.zelvizoopark.cz\/index.php?rest_route=\/wp\/v2\/pages"}],"about":[{"href":"https:\/\/www.zelvizoopark.cz\/index.php?rest_route=\/wp\/v2\/types\/page"}],"author":[{"embeddable":true,"href":"https:\/\/www.zelvizoopark.cz\/index.php?rest_route=\/wp\/v2\/users\/2"}],"replies":[{"embeddable":true,"href":"https:\/\/www.zelvizoopark.cz\/index.php?rest_route=%2Fwp%2Fv2%2Fcomments&post=17"}],"version-history":[{"count":0,"href":"https:\/\/www.zelvizoopark.cz\/index.php?rest_route=\/wp\/v2\/pages\/17\/revisions"}],"wp:attachment":[{"href":"https:\/\/www.zelvizoopark.cz\/index.php?rest_route=%2Fwp%2Fv2%2Fmedia&parent=17"}],"curies":[{"name":"wp","href":"https:\/\/api.w.org\/{rel}","templated":true}]}}